{"id":5885,"date":"2022-10-31T14:31:30","date_gmt":"2022-10-31T13:31:30","guid":{"rendered":"https:\/\/nice.cloudconnection.ch\/cm-lodge_dev\/?page_id=5885"},"modified":"2022-11-18T10:52:52","modified_gmt":"2022-11-18T09:52:52","slug":"double-room-active-plus","status":"publish","type":"page","link":"https:\/\/www.cm-lodge.com\/en\/doppelzimmer-active-plus\/","title":{"rendered":"Double Room Active Plus"},"content":{"rendered":"\t\t<div data-elementor-type=\"wp-page\" data-elementor-id=\"5885\" class=\"elementor elementor-5885\" data-elementor-post-type=\"page\">\n\t\t\t\t\t\t<section class=\"elementor-section elementor-top-section elementor-element elementor-element-812a496 elementor-section-height-min-height elementor-section-boxed elementor-section-height-default elementor-section-items-middle\" data-id=\"812a496\" data-element_type=\"section\" data-e-type=\"section\" data-settings=\"{&quot;background_background&quot;:&quot;slideshow&quot;,&quot;background_slideshow_gallery&quot;:[{&quot;id&quot;:4005,&quot;url&quot;:&quot;https:\\\/\\\/www.cm-lodge.com\\\/wp-content\\\/uploads\\\/2018\\\/08\\\/Conrads_Mountain_Lodge_2018_047.jpg&quot;},{&quot;id&quot;:4006,&quot;url&quot;:&quot;https:\\\/\\\/www.cm-lodge.com\\\/wp-content\\\/uploads\\\/2018\\\/08\\\/Conrads_Mountain_Lodge_2018_049.jpg&quot;},{&quot;id&quot;:4008,&quot;url&quot;:&quot;https:\\\/\\\/www.cm-lodge.com\\\/wp-content\\\/uploads\\\/2018\\\/08\\\/Conrads_Mountain_Lodge_2018_055.jpg&quot;},{&quot;id&quot;:4434,&quot;url&quot;:&quot;https:\\\/\\\/www.cm-lodge.com\\\/wp-content\\\/uploads\\\/2018\\\/11\\\/cml_dz-active-plus_2.jpg&quot;},{&quot;id&quot;:4432,&quot;url&quot;:&quot;https:\\\/\\\/www.cm-lodge.com\\\/wp-content\\\/uploads\\\/2018\\\/11\\\/cml_dz-active-plus_1.jpg&quot;}],&quot;background_slideshow_transition_duration&quot;:1000,&quot;background_slideshow_ken_burns&quot;:&quot;yes&quot;,&quot;background_slideshow_slide_duration&quot;:3000,&quot;background_slideshow_loop&quot;:&quot;yes&quot;,&quot;background_slideshow_slide_transition&quot;:&quot;fade&quot;,&quot;background_slideshow_ken_burns_zoom_direction&quot;:&quot;in&quot;}\">\n\t\t\t\t\t\t\t<div class=\"elementor-background-overlay\"><\/div>\n\t\t\t\t\t\t\t<div class=\"elementor-container elementor-column-gap-no\">\n\t\t\t\t\t<div class=\"elementor-column elementor-col-100 elementor-top-column elementor-element elementor-element-5193fed\" data-id=\"5193fed\" data-element_type=\"column\" data-e-type=\"column\">\n\t\t\t<div class=\"elementor-widget-wrap elementor-element-populated\">\n\t\t\t\t\t\t<div class=\"elementor-element elementor-element-cc0d7a3 elementor-widget elementor-widget-image\" data-id=\"cc0d7a3\" data-element_type=\"widget\" data-e-type=\"widget\" data-widget_type=\"image.default\">\n\t\t\t\t<div class=\"elementor-widget-container\">\n\t\t\t\t\t\t\t\t\t\t\t\t\t\t\t<img fetchpriority=\"high\" decoding=\"async\" width=\"385\" height=\"479\" src=\"https:\/\/www.cm-lodge.com\/wp-content\/uploads\/2018\/07\/CML_Sgraffito_Zimmer_white-1.svg\" class=\"attachment-large size-large wp-image-3204\" alt=\"\" \/>\t\t\t\t\t\t\t\t\t\t\t\t\t\t\t<\/div>\n\t\t\t\t<\/div>\n\t\t\t\t\t<\/div>\n\t\t<\/div>\n\t\t\t\t\t<\/div>\n\t\t<\/section>\n\t\t\t\t<section class=\"elementor-section elementor-top-section elementor-element elementor-element-e2745ab elementor-section-boxed elementor-section-height-default elementor-section-height-default\" data-id=\"e2745ab\" data-element_type=\"section\" data-e-type=\"section\" data-settings=\"{&quot;background_background&quot;:&quot;classic&quot;}\">\n\t\t\t\t\t\t<div class=\"elementor-container elementor-column-gap-no\">\n\t\t\t\t\t<div class=\"elementor-column elementor-col-100 elementor-top-column elementor-element elementor-element-09bc393\" data-id=\"09bc393\" data-element_type=\"column\" data-e-type=\"column\">\n\t\t\t<div class=\"elementor-widget-wrap elementor-element-populated\">\n\t\t\t\t\t\t<div class=\"elementor-element elementor-element-e4511e1 elementor-widget elementor-widget-heading\" data-id=\"e4511e1\" data-element_type=\"widget\" data-e-type=\"widget\" data-widget_type=\"heading.default\">\n\t\t\t\t<div class=\"elementor-widget-container\">\n\t\t\t\t\t<h6 class=\"elementor-heading-title elementor-size-default\">F\u00fcr Entdecker zu Zweit<\/h6>\t\t\t\t<\/div>\n\t\t\t\t<\/div>\n\t\t\t\t<div class=\"elementor-element elementor-element-8c309cc elementor-widget elementor-widget-heading\" data-id=\"8c309cc\" data-element_type=\"widget\" data-e-type=\"widget\" data-widget_type=\"heading.default\">\n\t\t\t\t<div class=\"elementor-widget-container\">\n\t\t\t\t\t<h1 class=\"elementor-heading-title elementor-size-default\">Doppelzimmer <br>\nActive Plus<\/h1>\t\t\t\t<\/div>\n\t\t\t\t<\/div>\n\t\t\t\t<div class=\"elementor-element elementor-element-82aa53d elementor-widget-divider--view-line elementor-widget elementor-widget-divider\" data-id=\"82aa53d\" data-element_type=\"widget\" data-e-type=\"widget\" data-widget_type=\"divider.default\">\n\t\t\t\t<div class=\"elementor-widget-container\">\n\t\t\t\t\t\t\t<div class=\"elementor-divider\">\n\t\t\t<span class=\"elementor-divider-separator\">\n\t\t\t\t\t\t<\/span>\n\t\t<\/div>\n\t\t\t\t\t\t<\/div>\n\t\t\t\t<\/div>\n\t\t\t\t<div class=\"elementor-element elementor-element-6c9574c elementor-widget elementor-widget-text-editor\" data-id=\"6c9574c\" data-element_type=\"widget\" data-e-type=\"widget\" data-widget_type=\"text-editor.default\">\n\t\t\t\t<div class=\"elementor-widget-container\">\n\t\t\t\t\t\t\t\t\t<p>Gr\u00f6sse ca. 35 m\u00b2<br \/>Extra Zimmer mit K\u00fcchenzeile und Esstisch<br \/>Balkon ca. 14 m\u00b2<br \/>Doppelbett<br \/>Bad mit Badewanne<br \/>Bademantel<br \/>Slipper<br \/>F\u00f6hn<br \/>Flat Screen-Digital TV<\/p>\t\t\t\t\t\t\t\t<\/div>\n\t\t\t\t<\/div>\n\t\t\t\t\t<\/div>\n\t\t<\/div>\n\t\t\t\t\t<\/div>\n\t\t<\/section>\n\t\t\t\t<section class=\"elementor-section elementor-top-section elementor-element elementor-element-115fcac elementor-section-full_width elementor-section-height-default elementor-section-height-default\" data-id=\"115fcac\" data-element_type=\"section\" data-e-type=\"section\" data-settings=\"{&quot;background_background&quot;:&quot;classic&quot;}\">\n\t\t\t\t\t\t<div class=\"elementor-container elementor-column-gap-no\">\n\t\t\t\t\t<div class=\"elementor-column elementor-col-100 elementor-top-column elementor-element elementor-element-27ccf6a\" data-id=\"27ccf6a\" data-element_type=\"column\" data-e-type=\"column\">\n\t\t\t<div class=\"elementor-widget-wrap elementor-element-populated\">\n\t\t\t\t\t\t<div class=\"elementor-element elementor-element-0ce7e27 elementor-widget elementor-widget-template\" data-id=\"0ce7e27\" data-element_type=\"widget\" data-e-type=\"widget\" data-widget_type=\"template.default\">\n\t\t\t\t<div class=\"elementor-widget-container\">\n\t\t\t\t\t\t\t<div class=\"elementor-template\">\n\t\t\t\t\t<div data-elementor-type=\"section\" data-elementor-id=\"7060\" class=\"elementor elementor-7060\" data-elementor-post-type=\"elementor_library\">\n\t\t\t\t\t<section class=\"elementor-section elementor-top-section elementor-element elementor-element-ce22e35 elementor-section-boxed elementor-section-height-default elementor-section-height-default\" data-id=\"ce22e35\" data-element_type=\"section\" data-e-type=\"section\" data-settings=\"{&quot;background_background&quot;:&quot;classic&quot;}\">\n\t\t\t\t\t\t<div class=\"elementor-container elementor-column-gap-no\">\n\t\t\t\t\t<div class=\"elementor-column elementor-col-100 elementor-top-column elementor-element elementor-element-bd2a63e\" data-id=\"bd2a63e\" data-element_type=\"column\" data-e-type=\"column\">\n\t\t\t<div class=\"elementor-widget-wrap elementor-element-populated\">\n\t\t\t\t\t\t<div class=\"elementor-element elementor-element-8e6d07f elementor-widget elementor-widget-heading\" data-id=\"8e6d07f\" data-element_type=\"widget\" data-e-type=\"widget\" data-widget_type=\"heading.default\">\n\t\t\t\t<div class=\"elementor-widget-container\">\n\t\t\t\t\t<h6 class=\"elementor-heading-title elementor-size-default\">Conrad's Mountain Lodge<\/h6>\t\t\t\t<\/div>\n\t\t\t\t<\/div>\n\t\t\t\t<div class=\"elementor-element elementor-element-acff673 elementor-widget elementor-widget-heading\" data-id=\"acff673\" data-element_type=\"widget\" data-e-type=\"widget\" data-widget_type=\"heading.default\">\n\t\t\t\t<div class=\"elementor-widget-container\">\n\t\t\t\t\t<h2 class=\"elementor-heading-title elementor-size-default\">Best Price Guarantee<\/h2>\t\t\t\t<\/div>\n\t\t\t\t<\/div>\n\t\t\t\t<div class=\"elementor-element elementor-element-566250e elementor-align-center elementor-widget elementor-widget-button\" data-id=\"566250e\" data-element_type=\"widget\" data-e-type=\"widget\" data-widget_type=\"button.default\">\n\t\t\t\t<div class=\"elementor-widget-container\">\n\t\t\t\t\t\t\t\t\t<div class=\"elementor-button-wrapper\">\n\t\t\t\t\t<a class=\"elementor-button elementor-button-link elementor-size-sm\" href=\"https:\/\/reservations.hotel-spider.com\/02i5b1e1f697337d\" target=\"_blank\">\n\t\t\t\t\t\t<span class=\"elementor-button-content-wrapper\">\n\t\t\t\t\t\t\t\t\t<span class=\"elementor-button-text\">Jetzt buchen!<\/span>\n\t\t\t\t\t<\/span>\n\t\t\t\t\t<\/a>\n\t\t\t\t<\/div>\n\t\t\t\t\t\t\t\t<\/div>\n\t\t\t\t<\/div>\n\t\t\t\t\t<\/div>\n\t\t<\/div>\n\t\t\t\t\t<\/div>\n\t\t<\/section>\n\t\t\t\t<\/div>\n\t\t\t\t<\/div>\n\t\t\t\t\t\t<\/div>\n\t\t\t\t<\/div>\n\t\t\t\t\t<\/div>\n\t\t<\/div>\n\t\t\t\t\t<\/div>\n\t\t<\/section>\n\t\t\t\t<section class=\"elementor-section elementor-top-section elementor-element elementor-element-d6c05fe elementor-section-boxed elementor-section-height-default elementor-section-height-default\" data-id=\"d6c05fe\" data-element_type=\"section\" data-e-type=\"section\">\n\t\t\t\t\t\t<div class=\"elementor-container elementor-column-gap-no\">\n\t\t\t\t\t<div class=\"elementor-column elementor-col-100 elementor-top-column elementor-element elementor-element-d476412\" data-id=\"d476412\" data-element_type=\"column\" data-e-type=\"column\">\n\t\t\t<div class=\"elementor-widget-wrap elementor-element-populated\">\n\t\t\t\t\t\t<div class=\"elementor-element elementor-element-8560450 gallery-spacing-custom elementor-widget elementor-widget-image-gallery\" data-id=\"8560450\" data-element_type=\"widget\" data-e-type=\"widget\" data-widget_type=\"image-gallery.default\">\n\t\t\t\t<div class=\"elementor-widget-container\">\n\t\t\t\t\t\t\t<div class=\"elementor-image-gallery\">\n\t\t\t<div id='gallery-1' class='gallery galleryid-5885 gallery-columns-3 gallery-size-full'><figure class='gallery-item'>\n\t\t\t<div class='gallery-icon portrait'>\n\t\t\t\t<img decoding=\"async\" width=\"1500\" height=\"2250\" src=\"https:\/\/www.cm-lodge.com\/wp-content\/uploads\/2018\/11\/cml_dz-active-plus_mood.jpg\" class=\"attachment-full size-full\" alt=\"\" srcset=\"https:\/\/www.cm-lodge.com\/wp-content\/uploads\/2018\/11\/cml_dz-active-plus_mood.jpg 1500w, https:\/\/www.cm-lodge.com\/wp-content\/uploads\/2018\/11\/cml_dz-active-plus_mood-200x300.jpg 200w, https:\/\/www.cm-lodge.com\/wp-content\/uploads\/2018\/11\/cml_dz-active-plus_mood-768x1152.jpg 768w, https:\/\/www.cm-lodge.com\/wp-content\/uploads\/2018\/11\/cml_dz-active-plus_mood-1024x1536.jpg 1024w, https:\/\/www.cm-lodge.com\/wp-content\/uploads\/2018\/11\/cml_dz-active-plus_mood-1365x2048.jpg 1365w, https:\/\/www.cm-lodge.com\/wp-content\/uploads\/2018\/11\/cml_dz-active-plus_mood-8x12.jpg 8w\" sizes=\"(max-width: 1500px) 100vw, 1500px\" \/>\n\t\t\t<\/div><\/figure><figure class='gallery-item'>\n\t\t\t<div class='gallery-icon portrait'>\n\t\t\t\t<img decoding=\"async\" width=\"1500\" height=\"2250\" src=\"https:\/\/www.cm-lodge.com\/wp-content\/uploads\/2018\/08\/Conrads_Mountain_Lodge_2018_057.jpg\" class=\"attachment-full size-full\" alt=\"\" srcset=\"https:\/\/www.cm-lodge.com\/wp-content\/uploads\/2018\/08\/Conrads_Mountain_Lodge_2018_057.jpg 1500w, https:\/\/www.cm-lodge.com\/wp-content\/uploads\/2018\/08\/Conrads_Mountain_Lodge_2018_057-200x300.jpg 200w, https:\/\/www.cm-lodge.com\/wp-content\/uploads\/2018\/08\/Conrads_Mountain_Lodge_2018_057-768x1152.jpg 768w, https:\/\/www.cm-lodge.com\/wp-content\/uploads\/2018\/08\/Conrads_Mountain_Lodge_2018_057-1024x1536.jpg 1024w, https:\/\/www.cm-lodge.com\/wp-content\/uploads\/2018\/08\/Conrads_Mountain_Lodge_2018_057-1365x2048.jpg 1365w, https:\/\/www.cm-lodge.com\/wp-content\/uploads\/2018\/08\/Conrads_Mountain_Lodge_2018_057-8x12.jpg 8w\" sizes=\"(max-width: 1500px) 100vw, 1500px\" \/>\n\t\t\t<\/div><\/figure><figure class='gallery-item'>\n\t\t\t<div class='gallery-icon portrait'>\n\t\t\t\t<img loading=\"lazy\" decoding=\"async\" width=\"1500\" height=\"2250\" src=\"https:\/\/www.cm-lodge.com\/wp-content\/uploads\/2018\/08\/Conrads_Mountain_Lodge_2018_096.jpg\" class=\"attachment-full size-full\" alt=\"\" srcset=\"https:\/\/www.cm-lodge.com\/wp-content\/uploads\/2018\/08\/Conrads_Mountain_Lodge_2018_096.jpg 1500w, https:\/\/www.cm-lodge.com\/wp-content\/uploads\/2018\/08\/Conrads_Mountain_Lodge_2018_096-200x300.jpg 200w, https:\/\/www.cm-lodge.com\/wp-content\/uploads\/2018\/08\/Conrads_Mountain_Lodge_2018_096-768x1152.jpg 768w, https:\/\/www.cm-lodge.com\/wp-content\/uploads\/2018\/08\/Conrads_Mountain_Lodge_2018_096-1024x1536.jpg 1024w, https:\/\/www.cm-lodge.com\/wp-content\/uploads\/2018\/08\/Conrads_Mountain_Lodge_2018_096-1365x2048.jpg 1365w, https:\/\/www.cm-lodge.com\/wp-content\/uploads\/2018\/08\/Conrads_Mountain_Lodge_2018_096-8x12.jpg 8w\" sizes=\"(max-width: 1500px) 100vw, 1500px\" \/>\n\t\t\t<\/div><\/figure>\n\t\t<\/div>\n\t\t<\/div>\n\t\t\t\t\t\t<\/div>\n\t\t\t\t<\/div>\n\t\t\t\t\t<\/div>\n\t\t<\/div>\n\t\t\t\t\t<\/div>\n\t\t<\/section>\n\t\t\t\t<section class=\"elementor-section elementor-top-section elementor-element elementor-element-099768d elementor-section-boxed elementor-section-height-default elementor-section-height-default\" data-id=\"099768d\" data-element_type=\"section\" data-e-type=\"section\">\n\t\t\t\t\t\t<div class=\"elementor-container elementor-column-gap-no\">\n\t\t\t\t\t<div class=\"elementor-column elementor-col-100 elementor-top-column elementor-element elementor-element-2765fb9\" data-id=\"2765fb9\" data-element_type=\"column\" data-e-type=\"column\">\n\t\t\t<div class=\"elementor-widget-wrap elementor-element-populated\">\n\t\t\t\t\t\t<div class=\"elementor-element elementor-element-732f8eb elementor-widget elementor-widget-text-editor\" data-id=\"732f8eb\" data-element_type=\"widget\" data-e-type=\"widget\" data-widget_type=\"text-editor.default\">\n\t\t\t\t<div class=\"elementor-widget-container\">\n\t\t\t\t\t\t\t\t\t<p><a href=\"https:\/\/www.cm-lodge.com\/zimmer-uebersicht\/\">ZUR\u00dcCK ZUR \u00dcBERSICHT<\/a><\/p>\t\t\t\t\t\t\t\t<\/div>\n\t\t\t\t<\/div>\n\t\t\t\t\t<\/div>\n\t\t<\/div>\n\t\t\t\t\t<\/div>\n\t\t<\/section>\n\t\t\t\t<\/div>\n\t\t","protected":false},"excerpt":{"rendered":"<p>For explorers for two Active Plus double room, approx. 35 m\u00b2, extra room with kitchenette and dining table, balcony, approx<\/p>","protected":false},"author":4,"featured_media":0,"parent":0,"menu_order":0,"comment_status":"closed","ping_status":"closed","template":"","meta":{"footnotes":""},"class_list":["post-5885","page","type-page","status-publish","hentry"],"yoast_head":"<!-- This site is optimized with the Yoast SEO plugin v27.4 - https:\/\/yoast.com\/product\/yoast-seo-wordpress\/ -->\n<title>Doppelzimmer Active Plus - Conrad&#039;s Mountain Lodge<\/title>\n<meta name=\"robots\" content=\"index, follow, max-snippet:-1, max-image-preview:large, max-video-preview:-1\" \/>\n<link rel=\"canonical\" href=\"https:\/\/www.cm-lodge.com\/en\/double-room-active-plus\/\" \/>\n<meta property=\"og:locale\" content=\"en_GB\" \/>\n<meta property=\"og:type\" content=\"article\" \/>\n<meta property=\"og:title\" content=\"Doppelzimmer Active Plus - Conrad&#039;s Mountain Lodge\" \/>\n<meta property=\"og:description\" content=\"F\u00fcr Entdecker zu Zweit Doppelzimmer Active Plus Gr\u00f6sse ca. 35 m\u00b2Extra Zimmer mit K\u00fcchenzeile und EsstischBalkon ca. 14 m\u00b2DoppelbettBad mit BadewanneBademantelSlipperF\u00f6hnFlat Screen-Digital TV ZUR\u00dcCK ZUR \u00dcBERSICHT\" \/>\n<meta property=\"og:url\" content=\"https:\/\/www.cm-lodge.com\/en\/double-room-active-plus\/\" \/>\n<meta property=\"og:site_name\" content=\"Conrad&#039;s Mountain Lodge\" \/>\n<meta property=\"article:modified_time\" content=\"2022-11-18T09:52:52+00:00\" \/>\n<meta property=\"og:image\" content=\"https:\/\/www.cm-lodge.com\/wp-content\/uploads\/2018\/07\/CML_Sgraffito_Zimmer_white-1.svg\" \/>\n<meta name=\"twitter:card\" content=\"summary_large_image\" \/>\n<meta name=\"twitter:label1\" content=\"Estimated reading time\" \/>\n\t<meta name=\"twitter:data1\" content=\"2 minutes\" \/>\n<script type=\"application\/ld+json\" class=\"yoast-schema-graph\">{\"@context\":\"https:\\\/\\\/schema.org\",\"@graph\":[{\"@type\":\"WebPage\",\"@id\":\"https:\\\/\\\/www.cm-lodge.com\\\/doppelzimmer-active-plus\\\/\",\"url\":\"https:\\\/\\\/www.cm-lodge.com\\\/doppelzimmer-active-plus\\\/\",\"name\":\"Doppelzimmer Active Plus - Conrad&#039;s Mountain Lodge\",\"isPartOf\":{\"@id\":\"https:\\\/\\\/www.cm-lodge.com\\\/#website\"},\"primaryImageOfPage\":{\"@id\":\"https:\\\/\\\/www.cm-lodge.com\\\/doppelzimmer-active-plus\\\/#primaryimage\"},\"image\":{\"@id\":\"https:\\\/\\\/www.cm-lodge.com\\\/doppelzimmer-active-plus\\\/#primaryimage\"},\"thumbnailUrl\":\"https:\\\/\\\/www.cm-lodge.com\\\/wp-content\\\/uploads\\\/2018\\\/07\\\/CML_Sgraffito_Zimmer_white-1.svg\",\"datePublished\":\"2022-10-31T13:31:30+00:00\",\"dateModified\":\"2022-11-18T09:52:52+00:00\",\"breadcrumb\":{\"@id\":\"https:\\\/\\\/www.cm-lodge.com\\\/doppelzimmer-active-plus\\\/#breadcrumb\"},\"inLanguage\":\"en-GB\",\"potentialAction\":[{\"@type\":\"ReadAction\",\"target\":[\"https:\\\/\\\/www.cm-lodge.com\\\/doppelzimmer-active-plus\\\/\"]}]},{\"@type\":\"ImageObject\",\"inLanguage\":\"en-GB\",\"@id\":\"https:\\\/\\\/www.cm-lodge.com\\\/doppelzimmer-active-plus\\\/#primaryimage\",\"url\":\"https:\\\/\\\/www.cm-lodge.com\\\/wp-content\\\/uploads\\\/2018\\\/07\\\/CML_Sgraffito_Zimmer_white-1.svg\",\"contentUrl\":\"https:\\\/\\\/www.cm-lodge.com\\\/wp-content\\\/uploads\\\/2018\\\/07\\\/CML_Sgraffito_Zimmer_white-1.svg\"},{\"@type\":\"BreadcrumbList\",\"@id\":\"https:\\\/\\\/www.cm-lodge.com\\\/doppelzimmer-active-plus\\\/#breadcrumb\",\"itemListElement\":[{\"@type\":\"ListItem\",\"position\":1,\"name\":\"Startseite\",\"item\":\"https:\\\/\\\/www.cm-lodge.com\\\/\"},{\"@type\":\"ListItem\",\"position\":2,\"name\":\"Doppelzimmer Active Plus\"}]},{\"@type\":\"WebSite\",\"@id\":\"https:\\\/\\\/www.cm-lodge.com\\\/#website\",\"url\":\"https:\\\/\\\/www.cm-lodge.com\\\/\",\"name\":\"Conrad&#039;s Mountain Lodge\",\"description\":\"\",\"publisher\":{\"@id\":\"https:\\\/\\\/www.cm-lodge.com\\\/#organization\"},\"potentialAction\":[{\"@type\":\"SearchAction\",\"target\":{\"@type\":\"EntryPoint\",\"urlTemplate\":\"https:\\\/\\\/www.cm-lodge.com\\\/?s={search_term_string}\"},\"query-input\":{\"@type\":\"PropertyValueSpecification\",\"valueRequired\":true,\"valueName\":\"search_term_string\"}}],\"inLanguage\":\"en-GB\"},{\"@type\":\"Organization\",\"@id\":\"https:\\\/\\\/www.cm-lodge.com\\\/#organization\",\"name\":\"Conrad&#039;s Mountain Lodge\",\"url\":\"https:\\\/\\\/www.cm-lodge.com\\\/\",\"logo\":{\"@type\":\"ImageObject\",\"inLanguage\":\"en-GB\",\"@id\":\"https:\\\/\\\/www.cm-lodge.com\\\/#\\\/schema\\\/logo\\\/image\\\/\",\"url\":\"https:\\\/\\\/www.cm-lodge.com\\\/wp-content\\\/uploads\\\/2020\\\/06\\\/cml-logo-petrol.svg\",\"contentUrl\":\"https:\\\/\\\/www.cm-lodge.com\\\/wp-content\\\/uploads\\\/2020\\\/06\\\/cml-logo-petrol.svg\",\"width\":723,\"height\":239,\"caption\":\"Conrad&#039;s Mountain Lodge\"},\"image\":{\"@id\":\"https:\\\/\\\/www.cm-lodge.com\\\/#\\\/schema\\\/logo\\\/image\\\/\"}}]}<\/script>\n<!-- \/ Yoast SEO plugin. -->","yoast_head_json":{"title":"Double room Active Plus - Conrad&#039;s Mountain Lodge","robots":{"index":"index","follow":"follow","max-snippet":"max-snippet:-1","max-image-preview":"max-image-preview:large","max-video-preview":"max-video-preview:-1"},"canonical":"https:\/\/www.cm-lodge.com\/en\/double-room-active-plus\/","og_locale":"en_GB","og_type":"article","og_title":"Doppelzimmer Active Plus - Conrad&#039;s Mountain Lodge","og_description":"F\u00fcr Entdecker zu Zweit Doppelzimmer Active Plus Gr\u00f6sse ca. 35 m\u00b2Extra Zimmer mit K\u00fcchenzeile und EsstischBalkon ca. 14 m\u00b2DoppelbettBad mit BadewanneBademantelSlipperF\u00f6hnFlat Screen-Digital TV ZUR\u00dcCK ZUR \u00dcBERSICHT","og_url":"https:\/\/www.cm-lodge.com\/en\/double-room-active-plus\/","og_site_name":"Conrad&#039;s Mountain Lodge","article_modified_time":"2022-11-18T09:52:52+00:00","og_image":[{"url":"https:\/\/www.cm-lodge.com\/wp-content\/uploads\/2018\/07\/CML_Sgraffito_Zimmer_white-1.svg","type":"","width":"","height":""}],"twitter_card":"summary_large_image","twitter_misc":{"Estimated reading time":"2 minutes"},"schema":{"@context":"https:\/\/schema.org","@graph":[{"@type":"WebPage","@id":"https:\/\/www.cm-lodge.com\/doppelzimmer-active-plus\/","url":"https:\/\/www.cm-lodge.com\/doppelzimmer-active-plus\/","name":"Double room Active Plus - Conrad&#039;s Mountain Lodge","isPartOf":{"@id":"https:\/\/www.cm-lodge.com\/#website"},"primaryImageOfPage":{"@id":"https:\/\/www.cm-lodge.com\/doppelzimmer-active-plus\/#primaryimage"},"image":{"@id":"https:\/\/www.cm-lodge.com\/doppelzimmer-active-plus\/#primaryimage"},"thumbnailUrl":"https:\/\/www.cm-lodge.com\/wp-content\/uploads\/2018\/07\/CML_Sgraffito_Zimmer_white-1.svg","datePublished":"2022-10-31T13:31:30+00:00","dateModified":"2022-11-18T09:52:52+00:00","breadcrumb":{"@id":"https:\/\/www.cm-lodge.com\/doppelzimmer-active-plus\/#breadcrumb"},"inLanguage":"en-GB","potentialAction":[{"@type":"ReadAction","target":["https:\/\/www.cm-lodge.com\/doppelzimmer-active-plus\/"]}]},{"@type":"ImageObject","inLanguage":"en-GB","@id":"https:\/\/www.cm-lodge.com\/doppelzimmer-active-plus\/#primaryimage","url":"https:\/\/www.cm-lodge.com\/wp-content\/uploads\/2018\/07\/CML_Sgraffito_Zimmer_white-1.svg","contentUrl":"https:\/\/www.cm-lodge.com\/wp-content\/uploads\/2018\/07\/CML_Sgraffito_Zimmer_white-1.svg"},{"@type":"BreadcrumbList","@id":"https:\/\/www.cm-lodge.com\/doppelzimmer-active-plus\/#breadcrumb","itemListElement":[{"@type":"ListItem","position":1,"name":"Startseite","item":"https:\/\/www.cm-lodge.com\/"},{"@type":"ListItem","position":2,"name":"Doppelzimmer Active Plus"}]},{"@type":"WebSite","@id":"https:\/\/www.cm-lodge.com\/#website","url":"https:\/\/www.cm-lodge.com\/","name":"Conrad&#039;s Mountain Lodge","description":"","publisher":{"@id":"https:\/\/www.cm-lodge.com\/#organization"},"potentialAction":[{"@type":"SearchAction","target":{"@type":"EntryPoint","urlTemplate":"https:\/\/www.cm-lodge.com\/?s={search_term_string}"},"query-input":{"@type":"PropertyValueSpecification","valueRequired":true,"valueName":"search_term_string"}}],"inLanguage":"en-GB"},{"@type":"Organization","@id":"https:\/\/www.cm-lodge.com\/#organization","name":"Conrad&#039;s Mountain Lodge","url":"https:\/\/www.cm-lodge.com\/","logo":{"@type":"ImageObject","inLanguage":"en-GB","@id":"https:\/\/www.cm-lodge.com\/#\/schema\/logo\/image\/","url":"https:\/\/www.cm-lodge.com\/wp-content\/uploads\/2020\/06\/cml-logo-petrol.svg","contentUrl":"https:\/\/www.cm-lodge.com\/wp-content\/uploads\/2020\/06\/cml-logo-petrol.svg","width":723,"height":239,"caption":"Conrad&#039;s Mountain Lodge"},"image":{"@id":"https:\/\/www.cm-lodge.com\/#\/schema\/logo\/image\/"}}]}},"_links":{"self":[{"href":"https:\/\/www.cm-lodge.com\/en\/wp-json\/wp\/v2\/pages\/5885","targetHints":{"allow":["GET"]}}],"collection":[{"href":"https:\/\/www.cm-lodge.com\/en\/wp-json\/wp\/v2\/pages"}],"about":[{"href":"https:\/\/www.cm-lodge.com\/en\/wp-json\/wp\/v2\/types\/page"}],"author":[{"embeddable":true,"href":"https:\/\/www.cm-lodge.com\/en\/wp-json\/wp\/v2\/users\/4"}],"replies":[{"embeddable":true,"href":"https:\/\/www.cm-lodge.com\/en\/wp-json\/wp\/v2\/comments?post=5885"}],"version-history":[{"count":16,"href":"https:\/\/www.cm-lodge.com\/en\/wp-json\/wp\/v2\/pages\/5885\/revisions"}],"predecessor-version":[{"id":7091,"href":"https:\/\/www.cm-lodge.com\/en\/wp-json\/wp\/v2\/pages\/5885\/revisions\/7091"}],"wp:attachment":[{"href":"https:\/\/www.cm-lodge.com\/en\/wp-json\/wp\/v2\/media?parent=5885"}],"curies":[{"name":"wp","href":"https:\/\/api.w.org\/{rel}","templated":true}]}}