{"id":5901,"date":"2022-10-31T14:33:27","date_gmt":"2022-10-31T13:33:27","guid":{"rendered":"https:\/\/nice.cloudconnection.ch\/cm-lodge_dev\/?page_id=5901"},"modified":"2024-06-06T14:53:03","modified_gmt":"2024-06-06T12:53:03","slug":"contact","status":"publish","type":"page","link":"https:\/\/www.cm-lodge.com\/en\/kontakt\/","title":{"rendered":"Contact"},"content":{"rendered":"\t\t<div data-elementor-type=\"wp-page\" data-elementor-id=\"5901\" class=\"elementor elementor-5901\" data-elementor-post-type=\"page\">\n\t\t\t\t\t\t<section class=\"elementor-section elementor-top-section elementor-element elementor-element-3080b1ed elementor-section-height-min-height elementor-section-boxed elementor-section-height-default elementor-section-items-middle\" data-id=\"3080b1ed\" data-element_type=\"section\" data-e-type=\"section\" data-settings=\"{&quot;background_background&quot;:&quot;slideshow&quot;,&quot;background_slideshow_gallery&quot;:[{&quot;id&quot;:3931,&quot;url&quot;:&quot;https:\\\/\\\/www.cm-lodge.com\\\/wp-content\\\/uploads\\\/2018\\\/08\\\/Conrads_Mountain_Lodge_2018_051.jpg&quot;}],&quot;background_slideshow_transition_duration&quot;:1000,&quot;background_slideshow_ken_burns&quot;:&quot;yes&quot;,&quot;background_slideshow_slide_duration&quot;:3000,&quot;background_slideshow_loop&quot;:&quot;yes&quot;,&quot;background_slideshow_slide_transition&quot;:&quot;fade&quot;,&quot;background_slideshow_ken_burns_zoom_direction&quot;:&quot;in&quot;}\">\n\t\t\t\t\t\t\t<div class=\"elementor-background-overlay\"><\/div>\n\t\t\t\t\t\t\t<div class=\"elementor-container elementor-column-gap-no\">\n\t\t\t\t\t<div class=\"elementor-column elementor-col-100 elementor-top-column elementor-element elementor-element-6e0021db\" data-id=\"6e0021db\" data-element_type=\"column\" data-e-type=\"column\">\n\t\t\t<div class=\"elementor-widget-wrap elementor-element-populated\">\n\t\t\t\t\t\t<div class=\"elementor-element elementor-element-5345e166 elementor-widget elementor-widget-image\" data-id=\"5345e166\" data-element_type=\"widget\" data-e-type=\"widget\" data-widget_type=\"image.default\">\n\t\t\t\t<div class=\"elementor-widget-container\">\n\t\t\t\t\t\t\t\t\t\t\t\t\t\t\t<img fetchpriority=\"high\" decoding=\"async\" width=\"385\" height=\"478\" src=\"https:\/\/www.cm-lodge.com\/wp-content\/uploads\/2018\/07\/CML_Sgraffito_Lodge_white-1.svg\" class=\"attachment-large size-large wp-image-3200\" alt=\"\" \/>\t\t\t\t\t\t\t\t\t\t\t\t\t\t\t<\/div>\n\t\t\t\t<\/div>\n\t\t\t\t\t<\/div>\n\t\t<\/div>\n\t\t\t\t\t<\/div>\n\t\t<\/section>\n\t\t\t\t<section class=\"elementor-section elementor-top-section elementor-element elementor-element-3483b0c6 elementor-section-boxed elementor-section-height-default elementor-section-height-default\" data-id=\"3483b0c6\" data-element_type=\"section\" data-e-type=\"section\" data-settings=\"{&quot;background_background&quot;:&quot;classic&quot;}\">\n\t\t\t\t\t\t<div class=\"elementor-container elementor-column-gap-no\">\n\t\t\t\t\t<div class=\"elementor-column elementor-col-100 elementor-top-column elementor-element elementor-element-39c9beeb\" data-id=\"39c9beeb\" data-element_type=\"column\" data-e-type=\"column\">\n\t\t\t<div class=\"elementor-widget-wrap elementor-element-populated\">\n\t\t\t\t\t\t<div class=\"elementor-element elementor-element-6f90068f elementor-widget elementor-widget-heading\" data-id=\"6f90068f\" data-element_type=\"widget\" data-e-type=\"widget\" data-widget_type=\"heading.default\">\n\t\t\t\t<div class=\"elementor-widget-container\">\n\t\t\t\t\t<h6 class=\"elementor-heading-title elementor-size-default\">Ob per Telefon oder E-Mail<\/h6>\t\t\t\t<\/div>\n\t\t\t\t<\/div>\n\t\t\t\t<div class=\"elementor-element elementor-element-288bab61 elementor-widget elementor-widget-heading\" data-id=\"288bab61\" data-element_type=\"widget\" data-e-type=\"widget\" data-widget_type=\"heading.default\">\n\t\t\t\t<div class=\"elementor-widget-container\">\n\t\t\t\t\t<h1 class=\"elementor-heading-title elementor-size-default\">Wir freuen uns \u00fcber<br> Ihre Nachricht<\/h1>\t\t\t\t<\/div>\n\t\t\t\t<\/div>\n\t\t\t\t<div class=\"elementor-element elementor-element-22922a96 elementor-widget-divider--view-line elementor-widget elementor-widget-global elementor-global-6023 elementor-widget-divider\" data-id=\"22922a96\" data-element_type=\"widget\" data-e-type=\"widget\" data-widget_type=\"divider.default\">\n\t\t\t\t<div class=\"elementor-widget-container\">\n\t\t\t\t\t\t\t<div class=\"elementor-divider\">\n\t\t\t<span class=\"elementor-divider-separator\">\n\t\t\t\t\t\t<\/span>\n\t\t<\/div>\n\t\t\t\t\t\t<\/div>\n\t\t\t\t<\/div>\n\t\t\t\t<div class=\"elementor-element elementor-element-178ce163 elementor-widget elementor-widget-text-editor\" data-id=\"178ce163\" data-element_type=\"widget\" data-e-type=\"widget\" data-widget_type=\"text-editor.default\">\n\t\t\t\t<div class=\"elementor-widget-container\">\n\t\t\t\t\t\t\t\t\t<p>Sie haben Fragen, ben\u00f6tigen Informationen oder eine pers\u00f6nliche Beratung f\u00fcr Ihr n\u00e4chstes Outdoor-Abenteuer im Engadin? Rufen Sie uns an oder senden Sie uns eine Mail, wir sind gerne f\u00fcr Sie da.<\/p>\t\t\t\t\t\t\t\t<\/div>\n\t\t\t\t<\/div>\n\t\t\t\t\t<\/div>\n\t\t<\/div>\n\t\t\t\t\t<\/div>\n\t\t<\/section>\n\t\t\t\t<section class=\"elementor-section elementor-top-section elementor-element elementor-element-7494fd1 elementor-section-boxed elementor-section-height-default elementor-section-height-default\" data-id=\"7494fd1\" data-element_type=\"section\" data-e-type=\"section\" data-settings=\"{&quot;background_background&quot;:&quot;classic&quot;}\">\n\t\t\t\t\t\t<div class=\"elementor-container elementor-column-gap-no\">\n\t\t\t\t\t<div class=\"elementor-column elementor-col-100 elementor-top-column elementor-element elementor-element-ab632f2\" data-id=\"ab632f2\" data-element_type=\"column\" data-e-type=\"column\">\n\t\t\t<div class=\"elementor-widget-wrap elementor-element-populated\">\n\t\t\t\t\t\t<div class=\"elementor-element elementor-element-7bcff0f elementor-widget elementor-widget-text-editor\" data-id=\"7bcff0f\" data-element_type=\"widget\" data-e-type=\"widget\" data-widget_type=\"text-editor.default\">\n\t\t\t\t<div class=\"elementor-widget-container\">\n\t\t\t\t\t\t\t\t\t<p><strong>Conrad\u2019s Mountain Lodge<\/strong><br \/>Via dal Farrer 1<br \/>7513 Silvaplana<br \/>Schweiz<\/p><p><strong><a href=\"tel:+41818288383\">+41 81 828 83 83<\/a><\/strong><br \/><strong><a href=\"mailto:mail@cm-lodge.com\">mail@cm-lodge.com<\/a><\/strong><\/p>\t\t\t\t\t\t\t\t<\/div>\n\t\t\t\t<\/div>\n\t\t\t\t<div class=\"elementor-element elementor-element-6f302ba elementor-widget elementor-widget-text-editor\" data-id=\"6f302ba\" data-element_type=\"widget\" data-e-type=\"widget\" data-widget_type=\"text-editor.default\">\n\t\t\t\t<div class=\"elementor-widget-container\">\n\t\t\t\t\t\t\t\t\t<p><a href=\"https:\/\/goo.gl\/maps\/yu73cznNV7D1PdBw7\" target=\"_blank\" rel=\"noopener\">Virtuelle Tour<\/a><\/p>\t\t\t\t\t\t\t\t<\/div>\n\t\t\t\t<\/div>\n\t\t\t\t\t<\/div>\n\t\t<\/div>\n\t\t\t\t\t<\/div>\n\t\t<\/section>\n\t\t\t\t<section class=\"elementor-section elementor-top-section elementor-element elementor-element-8bd162e elementor-section-boxed elementor-section-height-default elementor-section-height-default\" data-id=\"8bd162e\" data-element_type=\"section\" data-e-type=\"section\" data-settings=\"{&quot;background_background&quot;:&quot;classic&quot;}\">\n\t\t\t\t\t\t<div class=\"elementor-container elementor-column-gap-no\">\n\t\t\t\t\t<div class=\"elementor-column elementor-col-100 elementor-top-column elementor-element elementor-element-6ac52e9\" data-id=\"6ac52e9\" data-element_type=\"column\" data-e-type=\"column\">\n\t\t\t<div class=\"elementor-widget-wrap elementor-element-populated\">\n\t\t\t\t\t\t<div class=\"elementor-element elementor-element-95417dc elementor-widget elementor-widget-heading\" data-id=\"95417dc\" data-element_type=\"widget\" data-e-type=\"widget\" data-widget_type=\"heading.default\">\n\t\t\t\t<div class=\"elementor-widget-container\">\n\t\t\t\t\t<h5 class=\"elementor-heading-title elementor-size-default\">Anreise<\/h5>\t\t\t\t<\/div>\n\t\t\t\t<\/div>\n\t\t\t\t<div class=\"elementor-element elementor-element-06875c7 elementor-widget-divider--view-line elementor-widget elementor-widget-global elementor-global-6023 elementor-widget-divider\" data-id=\"06875c7\" data-element_type=\"widget\" data-e-type=\"widget\" data-widget_type=\"divider.default\">\n\t\t\t\t<div class=\"elementor-widget-container\">\n\t\t\t\t\t\t\t<div class=\"elementor-divider\">\n\t\t\t<span class=\"elementor-divider-separator\">\n\t\t\t\t\t\t<\/span>\n\t\t<\/div>\n\t\t\t\t\t\t<\/div>\n\t\t\t\t<\/div>\n\t\t\t\t<div class=\"elementor-element elementor-element-d3a392a elementor-widget elementor-widget-text-editor\" data-id=\"d3a392a\" data-element_type=\"widget\" data-e-type=\"widget\" data-widget_type=\"text-editor.default\">\n\t\t\t\t<div class=\"elementor-widget-container\">\n\t\t\t\t\t\t\t\t\t<p>Unsere Rezeption ist t\u00e4glich von 8:00 bis 18:00 Uhr f\u00fcr Sie da. Falls Sie ausserhalb dieser Zeiten anreisen, finden Sie uns entweder im Conrad\u2019s Easy oder erreichen uns telefonisch, bis 23:00 Uhr unter <strong><a href=\"tel:+41818288383\">+41 81 828 83 83<\/a><\/strong>. Bitte informieren Sie uns bei einer Sp\u00e4tanreise.<\/p>\t\t\t\t\t\t\t\t<\/div>\n\t\t\t\t<\/div>\n\t\t\t\t<div class=\"elementor-element elementor-element-8fb0894 elementor-widget elementor-widget-spacer\" data-id=\"8fb0894\" data-element_type=\"widget\" data-e-type=\"widget\" data-widget_type=\"spacer.default\">\n\t\t\t\t<div class=\"elementor-widget-container\">\n\t\t\t\t\t\t\t<div class=\"elementor-spacer\">\n\t\t\t<div class=\"elementor-spacer-inner\"><\/div>\n\t\t<\/div>\n\t\t\t\t\t\t<\/div>\n\t\t\t\t<\/div>\n\t\t\t\t<div class=\"elementor-element elementor-element-86f3260 elementor-widget elementor-widget-heading\" data-id=\"86f3260\" data-element_type=\"widget\" data-e-type=\"widget\" data-widget_type=\"heading.default\">\n\t\t\t\t<div class=\"elementor-widget-container\">\n\t\t\t\t\t<h5 class=\"elementor-heading-title elementor-size-default\">Parkplatz<\/h5>\t\t\t\t<\/div>\n\t\t\t\t<\/div>\n\t\t\t\t<div class=\"elementor-element elementor-element-ba61b3f elementor-widget-divider--view-line elementor-widget elementor-widget-global elementor-global-6023 elementor-widget-divider\" data-id=\"ba61b3f\" data-element_type=\"widget\" data-e-type=\"widget\" data-widget_type=\"divider.default\">\n\t\t\t\t<div class=\"elementor-widget-container\">\n\t\t\t\t\t\t\t<div class=\"elementor-divider\">\n\t\t\t<span class=\"elementor-divider-separator\">\n\t\t\t\t\t\t<\/span>\n\t\t<\/div>\n\t\t\t\t\t\t<\/div>\n\t\t\t\t<\/div>\n\t\t\t\t<div class=\"elementor-element elementor-element-a9ea4ef elementor-widget elementor-widget-text-editor\" data-id=\"a9ea4ef\" data-element_type=\"widget\" data-e-type=\"widget\" data-widget_type=\"text-editor.default\">\n\t\t\t\t<div class=\"elementor-widget-container\">\n\t\t\t\t\t\t\t\t\t<p>F\u00fcr die An- und Abreise steht eine Anzahl von Aussenparkpl\u00e4tzen zur Verf\u00fcgung, die H\u00f6chstparkdauer betr\u00e4gt 30 Minuten. Direkt gegen\u00fcber der Lodge befindet sich ein \u00f6ffentliches Parkhaus in dem Sie Ihr Auto zum Spezialpreis von CHF 10.00 am Tag einstellen k\u00f6nnen. Das Einfahrtsticket erhalten Sie an der Rezeption.<\/p>\t\t\t\t\t\t\t\t<\/div>\n\t\t\t\t<\/div>\n\t\t\t\t\t<\/div>\n\t\t<\/div>\n\t\t\t\t\t<\/div>\n\t\t<\/section>\n\t\t\t\t<section class=\"elementor-section elementor-top-section elementor-element elementor-element-41cc802 elementor-section-full_width elementor-section-height-default elementor-section-height-default\" data-id=\"41cc802\" data-element_type=\"section\" data-e-type=\"section\">\n\t\t\t\t\t\t<div class=\"elementor-container elementor-column-gap-no\">\n\t\t\t\t\t<div class=\"elementor-column elementor-col-100 elementor-top-column elementor-element elementor-element-6a24ba2\" data-id=\"6a24ba2\" data-element_type=\"column\" data-e-type=\"column\">\n\t\t\t<div class=\"elementor-widget-wrap elementor-element-populated\">\n\t\t\t\t\t\t<div class=\"elementor-element elementor-element-75bdbe9 elementor-widget elementor-widget-uael-google-map\" data-id=\"75bdbe9\" data-element_type=\"widget\" data-e-type=\"widget\" data-settings=\"{&quot;advance_marker&quot;:&quot;no&quot;,&quot;option_streeview&quot;:&quot;yes&quot;,&quot;type_control&quot;:&quot;yes&quot;,&quot;zoom_control&quot;:&quot;yes&quot;,&quot;fullscreen_control&quot;:&quot;yes&quot;}\" data-widget_type=\"uael-google-map.default\">\n\t\t\t\t<div class=\"elementor-widget-container\">\n\t\t\t\t\t\t\t<div class=\"uael-google-map-wrap\">\n\t\t\t<div id=\"uael-google-map-75bdbe9\" class=\"uael-google-map\" data-map_options=\"{&quot;zoom&quot;:15,&quot;mapTypeId&quot;:&quot;roadmap&quot;,&quot;mapTypeControl&quot;:true,&quot;streetViewControl&quot;:true,&quot;zoomControl&quot;:true,&quot;fullscreenControl&quot;:true,&quot;gestureHandling&quot;:true}\" data-cluster=\"no\" data-cluster-attr=\"[]\" data-max-width=\"250\" data-locations=\"[[&quot;46.460348&quot;,&quot;9.796299&quot;,true,&quot;Conrad\\u2019s Mountain Lodge, Via dal Farrer 1, 7513 Silvaplana&quot;,&quot;&quot;,&quot;&quot;,&quot;&quot;,&quot;&quot;,&quot;iw_open&quot;]]\" data-animate=\"\" data-auto-center=\"center\" data-map-id=\"\" data-advance-marker=\"no\" data-predefined-style=\"silver\"><\/div>\n\t\t<\/div>\n\t\t\t\t\t\t<\/div>\n\t\t\t\t<\/div>\n\t\t\t\t\t<\/div>\n\t\t<\/div>\n\t\t\t\t\t<\/div>\n\t\t<\/section>\n\t\t\t\t<section class=\"elementor-section elementor-top-section elementor-element elementor-element-60bcdafc elementor-section-boxed elementor-section-height-default elementor-section-height-default\" data-id=\"60bcdafc\" data-element_type=\"section\" data-e-type=\"section\">\n\t\t\t\t\t\t<div class=\"elementor-container elementor-column-gap-no\">\n\t\t\t\t\t<div class=\"elementor-column elementor-col-100 elementor-top-column elementor-element elementor-element-79e212d8\" data-id=\"79e212d8\" data-element_type=\"column\" data-e-type=\"column\">\n\t\t\t<div class=\"elementor-widget-wrap elementor-element-populated\">\n\t\t\t\t\t\t<div class=\"elementor-element elementor-element-1be85d19 elementor-widget elementor-widget-image\" data-id=\"1be85d19\" data-element_type=\"widget\" data-e-type=\"widget\" data-widget_type=\"image.default\">\n\t\t\t\t<div class=\"elementor-widget-container\">\n\t\t\t\t\t\t\t\t\t\t\t\t\t\t\t<img decoding=\"async\" width=\"385\" height=\"478\" src=\"https:\/\/www.cm-lodge.com\/wp-content\/uploads\/2018\/07\/CML_Sgraffito_Lodge_black.svg\" class=\"attachment-large size-large wp-image-3220\" alt=\"\" \/>\t\t\t\t\t\t\t\t\t\t\t\t\t\t\t<\/div>\n\t\t\t\t<\/div>\n\t\t\t\t\t<\/div>\n\t\t<\/div>\n\t\t\t\t\t<\/div>\n\t\t<\/section>\n\t\t\t\t<\/div>\n\t\t","protected":false},"excerpt":{"rendered":"<p>Ob per Telefon oder E-Mail Wir freuen uns \u00fcber Ihre Nachricht Sie haben Fragen, ben\u00f6tigen Informationen oder eine pers\u00f6nliche Beratung f\u00fcr Ihr n\u00e4chstes Outdoor-Abenteuer im Engadin? Rufen Sie uns an oder senden Sie uns eine Mail, wir sind gerne f\u00fcr Sie da. Conrad\u2019s Mountain LodgeVia dal Farrer 17513 SilvaplanaSchweiz +41 81 828 83 83mail@cm-lodge.com Virtuelle [&hellip;]<\/p>\n","protected":false},"author":4,"featured_media":0,"parent":0,"menu_order":0,"comment_status":"closed","ping_status":"closed","template":"","meta":{"footnotes":""},"class_list":["post-5901","page","type-page","status-publish","hentry"],"yoast_head":"<!-- This site is optimized with the Yoast SEO plugin v27.4 - https:\/\/yoast.com\/product\/yoast-seo-wordpress\/ -->\n<title>Kontakt - Conrad&#039;s Mountain Lodge<\/title>\n<meta name=\"robots\" content=\"index, follow, max-snippet:-1, max-image-preview:large, max-video-preview:-1\" \/>\n<link rel=\"canonical\" href=\"https:\/\/www.cm-lodge.com\/en\/contact\/\" \/>\n<meta property=\"og:locale\" content=\"en_GB\" \/>\n<meta property=\"og:type\" content=\"article\" \/>\n<meta property=\"og:title\" content=\"Kontakt - Conrad&#039;s Mountain Lodge\" \/>\n<meta property=\"og:description\" content=\"Ob per Telefon oder E-Mail Wir freuen uns \u00fcber Ihre Nachricht Sie haben Fragen, ben\u00f6tigen Informationen oder eine pers\u00f6nliche Beratung f\u00fcr Ihr n\u00e4chstes Outdoor-Abenteuer im Engadin? Rufen Sie uns an oder senden Sie uns eine Mail, wir sind gerne f\u00fcr Sie da. Conrad\u2019s Mountain LodgeVia dal Farrer 17513 SilvaplanaSchweiz +41 81 828 83 83mail@cm-lodge.com Virtuelle [&hellip;]\" \/>\n<meta property=\"og:url\" content=\"https:\/\/www.cm-lodge.com\/en\/contact\/\" \/>\n<meta property=\"og:site_name\" content=\"Conrad&#039;s Mountain Lodge\" \/>\n<meta property=\"article:modified_time\" content=\"2024-06-06T12:53:03+00:00\" \/>\n<meta property=\"og:image\" content=\"https:\/\/www.cm-lodge.com\/wp-content\/uploads\/2018\/07\/CML_Sgraffito_Lodge_white-1.svg\" \/>\n<meta name=\"twitter:card\" content=\"summary_large_image\" \/>\n<meta name=\"twitter:label1\" content=\"Estimated reading time\" \/>\n\t<meta name=\"twitter:data1\" content=\"2 minutes\" \/>\n<script type=\"application\/ld+json\" class=\"yoast-schema-graph\">{\"@context\":\"https:\\\/\\\/schema.org\",\"@graph\":[{\"@type\":\"WebPage\",\"@id\":\"https:\\\/\\\/www.cm-lodge.com\\\/kontakt\\\/\",\"url\":\"https:\\\/\\\/www.cm-lodge.com\\\/kontakt\\\/\",\"name\":\"Kontakt - Conrad&#039;s Mountain Lodge\",\"isPartOf\":{\"@id\":\"https:\\\/\\\/www.cm-lodge.com\\\/#website\"},\"primaryImageOfPage\":{\"@id\":\"https:\\\/\\\/www.cm-lodge.com\\\/kontakt\\\/#primaryimage\"},\"image\":{\"@id\":\"https:\\\/\\\/www.cm-lodge.com\\\/kontakt\\\/#primaryimage\"},\"thumbnailUrl\":\"https:\\\/\\\/www.cm-lodge.com\\\/wp-content\\\/uploads\\\/2018\\\/07\\\/CML_Sgraffito_Lodge_white-1.svg\",\"datePublished\":\"2022-10-31T13:33:27+00:00\",\"dateModified\":\"2024-06-06T12:53:03+00:00\",\"breadcrumb\":{\"@id\":\"https:\\\/\\\/www.cm-lodge.com\\\/kontakt\\\/#breadcrumb\"},\"inLanguage\":\"en-GB\",\"potentialAction\":[{\"@type\":\"ReadAction\",\"target\":[\"https:\\\/\\\/www.cm-lodge.com\\\/kontakt\\\/\"]}]},{\"@type\":\"ImageObject\",\"inLanguage\":\"en-GB\",\"@id\":\"https:\\\/\\\/www.cm-lodge.com\\\/kontakt\\\/#primaryimage\",\"url\":\"https:\\\/\\\/www.cm-lodge.com\\\/wp-content\\\/uploads\\\/2018\\\/07\\\/CML_Sgraffito_Lodge_white-1.svg\",\"contentUrl\":\"https:\\\/\\\/www.cm-lodge.com\\\/wp-content\\\/uploads\\\/2018\\\/07\\\/CML_Sgraffito_Lodge_white-1.svg\"},{\"@type\":\"BreadcrumbList\",\"@id\":\"https:\\\/\\\/www.cm-lodge.com\\\/kontakt\\\/#breadcrumb\",\"itemListElement\":[{\"@type\":\"ListItem\",\"position\":1,\"name\":\"Startseite\",\"item\":\"https:\\\/\\\/www.cm-lodge.com\\\/\"},{\"@type\":\"ListItem\",\"position\":2,\"name\":\"Kontakt\"}]},{\"@type\":\"WebSite\",\"@id\":\"https:\\\/\\\/www.cm-lodge.com\\\/#website\",\"url\":\"https:\\\/\\\/www.cm-lodge.com\\\/\",\"name\":\"Conrad&#039;s Mountain Lodge\",\"description\":\"\",\"publisher\":{\"@id\":\"https:\\\/\\\/www.cm-lodge.com\\\/#organization\"},\"potentialAction\":[{\"@type\":\"SearchAction\",\"target\":{\"@type\":\"EntryPoint\",\"urlTemplate\":\"https:\\\/\\\/www.cm-lodge.com\\\/?s={search_term_string}\"},\"query-input\":{\"@type\":\"PropertyValueSpecification\",\"valueRequired\":true,\"valueName\":\"search_term_string\"}}],\"inLanguage\":\"en-GB\"},{\"@type\":\"Organization\",\"@id\":\"https:\\\/\\\/www.cm-lodge.com\\\/#organization\",\"name\":\"Conrad&#039;s Mountain Lodge\",\"url\":\"https:\\\/\\\/www.cm-lodge.com\\\/\",\"logo\":{\"@type\":\"ImageObject\",\"inLanguage\":\"en-GB\",\"@id\":\"https:\\\/\\\/www.cm-lodge.com\\\/#\\\/schema\\\/logo\\\/image\\\/\",\"url\":\"https:\\\/\\\/www.cm-lodge.com\\\/wp-content\\\/uploads\\\/2020\\\/06\\\/cml-logo-petrol.svg\",\"contentUrl\":\"https:\\\/\\\/www.cm-lodge.com\\\/wp-content\\\/uploads\\\/2020\\\/06\\\/cml-logo-petrol.svg\",\"width\":723,\"height\":239,\"caption\":\"Conrad&#039;s Mountain Lodge\"},\"image\":{\"@id\":\"https:\\\/\\\/www.cm-lodge.com\\\/#\\\/schema\\\/logo\\\/image\\\/\"}}]}<\/script>\n<!-- \/ Yoast SEO plugin. -->","yoast_head_json":{"title":"Contact - Conrad&#039;s Mountain Lodge","robots":{"index":"index","follow":"follow","max-snippet":"max-snippet:-1","max-image-preview":"max-image-preview:large","max-video-preview":"max-video-preview:-1"},"canonical":"https:\/\/www.cm-lodge.com\/en\/contact\/","og_locale":"en_GB","og_type":"article","og_title":"Kontakt - Conrad&#039;s Mountain Lodge","og_description":"Ob per Telefon oder E-Mail Wir freuen uns \u00fcber Ihre Nachricht Sie haben Fragen, ben\u00f6tigen Informationen oder eine pers\u00f6nliche Beratung f\u00fcr Ihr n\u00e4chstes Outdoor-Abenteuer im Engadin? Rufen Sie uns an oder senden Sie uns eine Mail, wir sind gerne f\u00fcr Sie da. Conrad\u2019s Mountain LodgeVia dal Farrer 17513 SilvaplanaSchweiz +41 81 828 83 83mail@cm-lodge.com Virtuelle [&hellip;]","og_url":"https:\/\/www.cm-lodge.com\/en\/contact\/","og_site_name":"Conrad&#039;s Mountain Lodge","article_modified_time":"2024-06-06T12:53:03+00:00","og_image":[{"url":"https:\/\/www.cm-lodge.com\/wp-content\/uploads\/2018\/07\/CML_Sgraffito_Lodge_white-1.svg","type":"","width":"","height":""}],"twitter_card":"summary_large_image","twitter_misc":{"Estimated reading time":"2 minutes"},"schema":{"@context":"https:\/\/schema.org","@graph":[{"@type":"WebPage","@id":"https:\/\/www.cm-lodge.com\/kontakt\/","url":"https:\/\/www.cm-lodge.com\/kontakt\/","name":"Contact - Conrad&#039;s Mountain Lodge","isPartOf":{"@id":"https:\/\/www.cm-lodge.com\/#website"},"primaryImageOfPage":{"@id":"https:\/\/www.cm-lodge.com\/kontakt\/#primaryimage"},"image":{"@id":"https:\/\/www.cm-lodge.com\/kontakt\/#primaryimage"},"thumbnailUrl":"https:\/\/www.cm-lodge.com\/wp-content\/uploads\/2018\/07\/CML_Sgraffito_Lodge_white-1.svg","datePublished":"2022-10-31T13:33:27+00:00","dateModified":"2024-06-06T12:53:03+00:00","breadcrumb":{"@id":"https:\/\/www.cm-lodge.com\/kontakt\/#breadcrumb"},"inLanguage":"en-GB","potentialAction":[{"@type":"ReadAction","target":["https:\/\/www.cm-lodge.com\/kontakt\/"]}]},{"@type":"ImageObject","inLanguage":"en-GB","@id":"https:\/\/www.cm-lodge.com\/kontakt\/#primaryimage","url":"https:\/\/www.cm-lodge.com\/wp-content\/uploads\/2018\/07\/CML_Sgraffito_Lodge_white-1.svg","contentUrl":"https:\/\/www.cm-lodge.com\/wp-content\/uploads\/2018\/07\/CML_Sgraffito_Lodge_white-1.svg"},{"@type":"BreadcrumbList","@id":"https:\/\/www.cm-lodge.com\/kontakt\/#breadcrumb","itemListElement":[{"@type":"ListItem","position":1,"name":"Startseite","item":"https:\/\/www.cm-lodge.com\/"},{"@type":"ListItem","position":2,"name":"Kontakt"}]},{"@type":"WebSite","@id":"https:\/\/www.cm-lodge.com\/#website","url":"https:\/\/www.cm-lodge.com\/","name":"Conrad&#039;s Mountain Lodge","description":"","publisher":{"@id":"https:\/\/www.cm-lodge.com\/#organization"},"potentialAction":[{"@type":"SearchAction","target":{"@type":"EntryPoint","urlTemplate":"https:\/\/www.cm-lodge.com\/?s={search_term_string}"},"query-input":{"@type":"PropertyValueSpecification","valueRequired":true,"valueName":"search_term_string"}}],"inLanguage":"en-GB"},{"@type":"Organization","@id":"https:\/\/www.cm-lodge.com\/#organization","name":"Conrad&#039;s Mountain Lodge","url":"https:\/\/www.cm-lodge.com\/","logo":{"@type":"ImageObject","inLanguage":"en-GB","@id":"https:\/\/www.cm-lodge.com\/#\/schema\/logo\/image\/","url":"https:\/\/www.cm-lodge.com\/wp-content\/uploads\/2020\/06\/cml-logo-petrol.svg","contentUrl":"https:\/\/www.cm-lodge.com\/wp-content\/uploads\/2020\/06\/cml-logo-petrol.svg","width":723,"height":239,"caption":"Conrad&#039;s Mountain Lodge"},"image":{"@id":"https:\/\/www.cm-lodge.com\/#\/schema\/logo\/image\/"}}]}},"_links":{"self":[{"href":"https:\/\/www.cm-lodge.com\/en\/wp-json\/wp\/v2\/pages\/5901","targetHints":{"allow":["GET"]}}],"collection":[{"href":"https:\/\/www.cm-lodge.com\/en\/wp-json\/wp\/v2\/pages"}],"about":[{"href":"https:\/\/www.cm-lodge.com\/en\/wp-json\/wp\/v2\/types\/page"}],"author":[{"embeddable":true,"href":"https:\/\/www.cm-lodge.com\/en\/wp-json\/wp\/v2\/users\/4"}],"replies":[{"embeddable":true,"href":"https:\/\/www.cm-lodge.com\/en\/wp-json\/wp\/v2\/comments?post=5901"}],"version-history":[{"count":22,"href":"https:\/\/www.cm-lodge.com\/en\/wp-json\/wp\/v2\/pages\/5901\/revisions"}],"predecessor-version":[{"id":7830,"href":"https:\/\/www.cm-lodge.com\/en\/wp-json\/wp\/v2\/pages\/5901\/revisions\/7830"}],"wp:attachment":[{"href":"https:\/\/www.cm-lodge.com\/en\/wp-json\/wp\/v2\/media?parent=5901"}],"curies":[{"name":"wp","href":"https:\/\/api.w.org\/{rel}","templated":true}]}}