{"id":5912,"date":"2022-10-31T14:34:36","date_gmt":"2022-10-31T13:34:36","guid":{"rendered":"https:\/\/nice.cloudconnection.ch\/cm-lodge_dev\/?page_id=5912"},"modified":"2022-11-16T11:20:32","modified_gmt":"2022-11-16T10:20:32","slug":"spa","status":"publish","type":"page","link":"https:\/\/www.cm-lodge.com\/en\/spa\/","title":{"rendered":"spa"},"content":{"rendered":"\t\t<div data-elementor-type=\"wp-page\" data-elementor-id=\"5912\" class=\"elementor elementor-5912\" data-elementor-post-type=\"page\">\n\t\t\t\t\t\t<section class=\"elementor-section elementor-top-section elementor-element elementor-element-66e5431 elementor-section-height-min-height elementor-section-boxed elementor-section-height-default elementor-section-items-middle\" data-id=\"66e5431\" data-element_type=\"section\" data-e-type=\"section\" data-settings=\"{&quot;background_background&quot;:&quot;slideshow&quot;,&quot;background_slideshow_gallery&quot;:[{&quot;id&quot;:3942,&quot;url&quot;:&quot;https:\\\/\\\/www.cm-lodge.com\\\/wp-content\\\/uploads\\\/2018\\\/08\\\/Conrads_Mountain_Lodge_2018_026-1.jpg&quot;},{&quot;id&quot;:3917,&quot;url&quot;:&quot;https:\\\/\\\/www.cm-lodge.com\\\/wp-content\\\/uploads\\\/2018\\\/08\\\/Conrads_Mountain_Lodge_2018_012.jpg&quot;},{&quot;id&quot;:3918,&quot;url&quot;:&quot;https:\\\/\\\/www.cm-lodge.com\\\/wp-content\\\/uploads\\\/2018\\\/08\\\/Conrads_Mountain_Lodge_2018_015.jpg&quot;},{&quot;id&quot;:3916,&quot;url&quot;:&quot;https:\\\/\\\/www.cm-lodge.com\\\/wp-content\\\/uploads\\\/2018\\\/08\\\/Conrads_Mountain_Lodge_2018_002.jpg&quot;}],&quot;background_slideshow_transition_duration&quot;:1000,&quot;background_slideshow_ken_burns&quot;:&quot;yes&quot;,&quot;background_slideshow_slide_duration&quot;:3000,&quot;background_slideshow_loop&quot;:&quot;yes&quot;,&quot;background_slideshow_slide_transition&quot;:&quot;fade&quot;,&quot;background_slideshow_ken_burns_zoom_direction&quot;:&quot;in&quot;}\">\n\t\t\t\t\t\t\t<div class=\"elementor-background-overlay\"><\/div>\n\t\t\t\t\t\t\t<div class=\"elementor-container elementor-column-gap-no\">\n\t\t\t\t\t<div class=\"elementor-column elementor-col-100 elementor-top-column elementor-element elementor-element-c97875d\" data-id=\"c97875d\" data-element_type=\"column\" data-e-type=\"column\">\n\t\t\t<div class=\"elementor-widget-wrap elementor-element-populated\">\n\t\t\t\t\t\t<div class=\"elementor-element elementor-element-3d68b92 elementor-widget elementor-widget-image\" data-id=\"3d68b92\" data-element_type=\"widget\" data-e-type=\"widget\" data-widget_type=\"image.default\">\n\t\t\t\t<div class=\"elementor-widget-container\">\n\t\t\t\t\t\t\t\t\t\t\t\t\t\t\t<img fetchpriority=\"high\" decoding=\"async\" width=\"450\" height=\"498\" src=\"https:\/\/www.cm-lodge.com\/wp-content\/uploads\/2018\/07\/CML_Sgraffito_Spa_white.svg\" class=\"attachment-large size-large wp-image-3191\" alt=\"\" \/>\t\t\t\t\t\t\t\t\t\t\t\t\t\t\t<\/div>\n\t\t\t\t<\/div>\n\t\t\t\t\t<\/div>\n\t\t<\/div>\n\t\t\t\t\t<\/div>\n\t\t<\/section>\n\t\t\t\t<section class=\"elementor-section elementor-top-section elementor-element elementor-element-7ad3729 elementor-section-boxed elementor-section-height-default elementor-section-height-default\" data-id=\"7ad3729\" data-element_type=\"section\" data-e-type=\"section\" data-settings=\"{&quot;background_background&quot;:&quot;classic&quot;}\">\n\t\t\t\t\t\t<div class=\"elementor-container elementor-column-gap-no\">\n\t\t\t\t\t<div class=\"elementor-column elementor-col-100 elementor-top-column elementor-element elementor-element-826085e\" data-id=\"826085e\" data-element_type=\"column\" data-e-type=\"column\">\n\t\t\t<div class=\"elementor-widget-wrap elementor-element-populated\">\n\t\t\t\t\t\t<div class=\"elementor-element elementor-element-4d14856 elementor-widget elementor-widget-heading\" data-id=\"4d14856\" data-element_type=\"widget\" data-e-type=\"widget\" data-widget_type=\"heading.default\">\n\t\t\t\t<div class=\"elementor-widget-container\">\n\t\t\t\t\t<h6 class=\"elementor-heading-title elementor-size-default\">Der perfekte R\u00fcckzugsort nach einem aktiven Tag<\/h6>\t\t\t\t<\/div>\n\t\t\t\t<\/div>\n\t\t\t\t<div class=\"elementor-element elementor-element-ad1894c elementor-widget elementor-widget-heading\" data-id=\"ad1894c\" data-element_type=\"widget\" data-e-type=\"widget\" data-widget_type=\"heading.default\">\n\t\t\t\t<div class=\"elementor-widget-container\">\n\t\t\t\t\t<h1 class=\"elementor-heading-title elementor-size-default\">Unser Spa<\/h1>\t\t\t\t<\/div>\n\t\t\t\t<\/div>\n\t\t\t\t<div class=\"elementor-element elementor-element-3a71858 elementor-widget-divider--view-line elementor-widget elementor-widget-divider\" data-id=\"3a71858\" data-element_type=\"widget\" data-e-type=\"widget\" data-widget_type=\"divider.default\">\n\t\t\t\t<div class=\"elementor-widget-container\">\n\t\t\t\t\t\t\t<div class=\"elementor-divider\">\n\t\t\t<span class=\"elementor-divider-separator\">\n\t\t\t\t\t\t<\/span>\n\t\t<\/div>\n\t\t\t\t\t\t<\/div>\n\t\t\t\t<\/div>\n\t\t\t\t<div class=\"elementor-element elementor-element-3af682c elementor-widget elementor-widget-text-editor\" data-id=\"3af682c\" data-element_type=\"widget\" data-e-type=\"widget\" data-widget_type=\"text-editor.default\">\n\t\t\t\t<div class=\"elementor-widget-container\">\n\t\t\t\t\t\t\t\t\t<p>Die alpine Handschrift des Hauses ist auch in den R\u00e4umlichkeiten des Spa-Bereiches sp\u00fcrbar und sorgt so f\u00fcr ein ganz besonderes Wohlgef\u00fchl. Das Dampfbad, die Lodge-Sauna, zwei Kneippbecken sowie Ruheliegen laden zum Entspannen ein.<\/p>\t\t\t\t\t\t\t\t<\/div>\n\t\t\t\t<\/div>\n\t\t\t\t\t<\/div>\n\t\t<\/div>\n\t\t\t\t\t<\/div>\n\t\t<\/section>\n\t\t\t\t<section class=\"elementor-section elementor-top-section elementor-element elementor-element-143f6df elementor-section-boxed elementor-section-height-default elementor-section-height-default\" data-id=\"143f6df\" data-element_type=\"section\" data-e-type=\"section\">\n\t\t\t\t\t\t<div class=\"elementor-container elementor-column-gap-no\">\n\t\t\t\t\t<div class=\"elementor-column elementor-col-100 elementor-top-column elementor-element elementor-element-0e991b9\" data-id=\"0e991b9\" data-element_type=\"column\" data-e-type=\"column\">\n\t\t\t<div class=\"elementor-widget-wrap elementor-element-populated\">\n\t\t\t\t\t\t<div class=\"elementor-element elementor-element-373e985 gallery-spacing-custom elementor-widget elementor-widget-image-gallery\" data-id=\"373e985\" data-element_type=\"widget\" data-e-type=\"widget\" data-widget_type=\"image-gallery.default\">\n\t\t\t\t<div class=\"elementor-widget-container\">\n\t\t\t\t\t\t\t<div class=\"elementor-image-gallery\">\n\t\t\t<div id='gallery-1' class='gallery galleryid-5912 gallery-columns-3 gallery-size-full'><figure class='gallery-item'>\n\t\t\t<div class='gallery-icon portrait'>\n\t\t\t\t<img decoding=\"async\" width=\"1500\" height=\"2250\" src=\"https:\/\/www.cm-lodge.com\/wp-content\/uploads\/2018\/08\/Conrads_Mountain_Lodge_2018_013.jpg\" class=\"attachment-full size-full\" alt=\"\" srcset=\"https:\/\/www.cm-lodge.com\/wp-content\/uploads\/2018\/08\/Conrads_Mountain_Lodge_2018_013.jpg 1500w, https:\/\/www.cm-lodge.com\/wp-content\/uploads\/2018\/08\/Conrads_Mountain_Lodge_2018_013-200x300.jpg 200w, https:\/\/www.cm-lodge.com\/wp-content\/uploads\/2018\/08\/Conrads_Mountain_Lodge_2018_013-768x1152.jpg 768w, https:\/\/www.cm-lodge.com\/wp-content\/uploads\/2018\/08\/Conrads_Mountain_Lodge_2018_013-1024x1536.jpg 1024w, https:\/\/www.cm-lodge.com\/wp-content\/uploads\/2018\/08\/Conrads_Mountain_Lodge_2018_013-1365x2048.jpg 1365w, https:\/\/www.cm-lodge.com\/wp-content\/uploads\/2018\/08\/Conrads_Mountain_Lodge_2018_013-8x12.jpg 8w\" sizes=\"(max-width: 1500px) 100vw, 1500px\" \/>\n\t\t\t<\/div><\/figure><figure class='gallery-item'>\n\t\t\t<div class='gallery-icon portrait'>\n\t\t\t\t<img decoding=\"async\" width=\"1500\" height=\"2250\" src=\"https:\/\/www.cm-lodge.com\/wp-content\/uploads\/2018\/08\/Conrads_Mountain_Lodge_2018_022.jpg\" class=\"attachment-full size-full\" alt=\"\" srcset=\"https:\/\/www.cm-lodge.com\/wp-content\/uploads\/2018\/08\/Conrads_Mountain_Lodge_2018_022.jpg 1500w, https:\/\/www.cm-lodge.com\/wp-content\/uploads\/2018\/08\/Conrads_Mountain_Lodge_2018_022-200x300.jpg 200w, https:\/\/www.cm-lodge.com\/wp-content\/uploads\/2018\/08\/Conrads_Mountain_Lodge_2018_022-768x1152.jpg 768w, https:\/\/www.cm-lodge.com\/wp-content\/uploads\/2018\/08\/Conrads_Mountain_Lodge_2018_022-1024x1536.jpg 1024w, https:\/\/www.cm-lodge.com\/wp-content\/uploads\/2018\/08\/Conrads_Mountain_Lodge_2018_022-1365x2048.jpg 1365w, https:\/\/www.cm-lodge.com\/wp-content\/uploads\/2018\/08\/Conrads_Mountain_Lodge_2018_022-8x12.jpg 8w\" sizes=\"(max-width: 1500px) 100vw, 1500px\" \/>\n\t\t\t<\/div><\/figure><figure class='gallery-item'>\n\t\t\t<div class='gallery-icon portrait'>\n\t\t\t\t<img loading=\"lazy\" decoding=\"async\" width=\"1500\" height=\"2250\" src=\"https:\/\/www.cm-lodge.com\/wp-content\/uploads\/2018\/08\/Conrads_Mountain_Lodge_2018_024.jpg\" class=\"attachment-full size-full\" alt=\"\" srcset=\"https:\/\/www.cm-lodge.com\/wp-content\/uploads\/2018\/08\/Conrads_Mountain_Lodge_2018_024.jpg 1500w, https:\/\/www.cm-lodge.com\/wp-content\/uploads\/2018\/08\/Conrads_Mountain_Lodge_2018_024-200x300.jpg 200w, https:\/\/www.cm-lodge.com\/wp-content\/uploads\/2018\/08\/Conrads_Mountain_Lodge_2018_024-768x1152.jpg 768w, https:\/\/www.cm-lodge.com\/wp-content\/uploads\/2018\/08\/Conrads_Mountain_Lodge_2018_024-1024x1536.jpg 1024w, https:\/\/www.cm-lodge.com\/wp-content\/uploads\/2018\/08\/Conrads_Mountain_Lodge_2018_024-1365x2048.jpg 1365w, https:\/\/www.cm-lodge.com\/wp-content\/uploads\/2018\/08\/Conrads_Mountain_Lodge_2018_024-8x12.jpg 8w\" sizes=\"(max-width: 1500px) 100vw, 1500px\" \/>\n\t\t\t<\/div><\/figure>\n\t\t<\/div>\n\t\t<\/div>\n\t\t\t\t\t\t<\/div>\n\t\t\t\t<\/div>\n\t\t\t\t\t<\/div>\n\t\t<\/div>\n\t\t\t\t\t<\/div>\n\t\t<\/section>\n\t\t\t\t<section class=\"elementor-section elementor-top-section elementor-element elementor-element-0a8e292 elementor-section-boxed elementor-section-height-default elementor-section-height-default\" data-id=\"0a8e292\" data-element_type=\"section\" data-e-type=\"section\">\n\t\t\t\t\t\t<div class=\"elementor-container elementor-column-gap-no\">\n\t\t\t\t\t<div class=\"elementor-column elementor-col-100 elementor-top-column elementor-element elementor-element-b4b8e82\" data-id=\"b4b8e82\" data-element_type=\"column\" data-e-type=\"column\">\n\t\t\t<div class=\"elementor-widget-wrap elementor-element-populated\">\n\t\t\t\t\t\t<div class=\"elementor-element elementor-element-4c4ae1e elementor-widget elementor-widget-image\" data-id=\"4c4ae1e\" data-element_type=\"widget\" data-e-type=\"widget\" data-widget_type=\"image.default\">\n\t\t\t\t<div class=\"elementor-widget-container\">\n\t\t\t\t\t\t\t\t\t\t\t\t\t\t\t<img loading=\"lazy\" decoding=\"async\" width=\"450\" height=\"498\" src=\"https:\/\/www.cm-lodge.com\/wp-content\/uploads\/2018\/07\/CML_Sgraffito_Spa_black.svg\" class=\"attachment-large size-large wp-image-3222\" alt=\"\" \/>\t\t\t\t\t\t\t\t\t\t\t\t\t\t\t<\/div>\n\t\t\t\t<\/div>\n\t\t\t\t\t<\/div>\n\t\t<\/div>\n\t\t\t\t\t<\/div>\n\t\t<\/section>\n\t\t\t\t<\/div>\n\t\t","protected":false},"excerpt":{"rendered":"<p>The perfect place to retreat after an active day Our spa The alpine signature of the house can also be felt in the spa area and thus ensures a very special feeling of well-being. The steam bath, the lodge sauna, two Kneipp pools and loungers invite you to relax.<\/p>","protected":false},"author":4,"featured_media":0,"parent":0,"menu_order":0,"comment_status":"closed","ping_status":"closed","template":"","meta":{"footnotes":""},"class_list":["post-5912","page","type-page","status-publish","hentry"],"yoast_head":"<!-- This site is optimized with the Yoast SEO plugin v27.4 - https:\/\/yoast.com\/product\/yoast-seo-wordpress\/ -->\n<title>Spa - Conrad&#039;s Mountain Lodge<\/title>\n<meta name=\"robots\" content=\"index, follow, max-snippet:-1, max-image-preview:large, max-video-preview:-1\" \/>\n<link rel=\"canonical\" href=\"https:\/\/www.cm-lodge.com\/en\/spa\/\" \/>\n<meta property=\"og:locale\" content=\"en_GB\" \/>\n<meta property=\"og:type\" content=\"article\" \/>\n<meta property=\"og:title\" content=\"Spa - Conrad&#039;s Mountain Lodge\" \/>\n<meta property=\"og:description\" content=\"Der perfekte R\u00fcckzugsort nach einem aktiven Tag Unser Spa Die alpine Handschrift des Hauses ist auch in den R\u00e4umlichkeiten des Spa-Bereiches sp\u00fcrbar und sorgt so f\u00fcr ein ganz besonderes Wohlgef\u00fchl. Das Dampfbad, die Lodge-Sauna, zwei Kneippbecken sowie Ruheliegen laden zum Entspannen ein.\" \/>\n<meta property=\"og:url\" content=\"https:\/\/www.cm-lodge.com\/en\/spa\/\" \/>\n<meta property=\"og:site_name\" content=\"Conrad&#039;s Mountain Lodge\" \/>\n<meta property=\"article:modified_time\" content=\"2022-11-16T10:20:32+00:00\" \/>\n<meta property=\"og:image\" content=\"https:\/\/www.cm-lodge.com\/wp-content\/uploads\/2018\/07\/CML_Sgraffito_Spa_white.svg\" \/>\n<meta name=\"twitter:card\" content=\"summary_large_image\" \/>\n<meta name=\"twitter:label1\" content=\"Estimated reading time\" \/>\n\t<meta name=\"twitter:data1\" content=\"2 minutes\" \/>\n<script type=\"application\/ld+json\" class=\"yoast-schema-graph\">{\"@context\":\"https:\\\/\\\/schema.org\",\"@graph\":[{\"@type\":\"WebPage\",\"@id\":\"https:\\\/\\\/www.cm-lodge.com\\\/spa\\\/\",\"url\":\"https:\\\/\\\/www.cm-lodge.com\\\/spa\\\/\",\"name\":\"Spa - Conrad&#039;s Mountain Lodge\",\"isPartOf\":{\"@id\":\"https:\\\/\\\/www.cm-lodge.com\\\/#website\"},\"primaryImageOfPage\":{\"@id\":\"https:\\\/\\\/www.cm-lodge.com\\\/spa\\\/#primaryimage\"},\"image\":{\"@id\":\"https:\\\/\\\/www.cm-lodge.com\\\/spa\\\/#primaryimage\"},\"thumbnailUrl\":\"https:\\\/\\\/www.cm-lodge.com\\\/wp-content\\\/uploads\\\/2018\\\/07\\\/CML_Sgraffito_Spa_white.svg\",\"datePublished\":\"2022-10-31T13:34:36+00:00\",\"dateModified\":\"2022-11-16T10:20:32+00:00\",\"breadcrumb\":{\"@id\":\"https:\\\/\\\/www.cm-lodge.com\\\/spa\\\/#breadcrumb\"},\"inLanguage\":\"en-GB\",\"potentialAction\":[{\"@type\":\"ReadAction\",\"target\":[\"https:\\\/\\\/www.cm-lodge.com\\\/spa\\\/\"]}]},{\"@type\":\"ImageObject\",\"inLanguage\":\"en-GB\",\"@id\":\"https:\\\/\\\/www.cm-lodge.com\\\/spa\\\/#primaryimage\",\"url\":\"https:\\\/\\\/www.cm-lodge.com\\\/wp-content\\\/uploads\\\/2018\\\/07\\\/CML_Sgraffito_Spa_white.svg\",\"contentUrl\":\"https:\\\/\\\/www.cm-lodge.com\\\/wp-content\\\/uploads\\\/2018\\\/07\\\/CML_Sgraffito_Spa_white.svg\"},{\"@type\":\"BreadcrumbList\",\"@id\":\"https:\\\/\\\/www.cm-lodge.com\\\/spa\\\/#breadcrumb\",\"itemListElement\":[{\"@type\":\"ListItem\",\"position\":1,\"name\":\"Startseite\",\"item\":\"https:\\\/\\\/www.cm-lodge.com\\\/\"},{\"@type\":\"ListItem\",\"position\":2,\"name\":\"Spa\"}]},{\"@type\":\"WebSite\",\"@id\":\"https:\\\/\\\/www.cm-lodge.com\\\/#website\",\"url\":\"https:\\\/\\\/www.cm-lodge.com\\\/\",\"name\":\"Conrad&#039;s Mountain Lodge\",\"description\":\"\",\"publisher\":{\"@id\":\"https:\\\/\\\/www.cm-lodge.com\\\/#organization\"},\"potentialAction\":[{\"@type\":\"SearchAction\",\"target\":{\"@type\":\"EntryPoint\",\"urlTemplate\":\"https:\\\/\\\/www.cm-lodge.com\\\/?s={search_term_string}\"},\"query-input\":{\"@type\":\"PropertyValueSpecification\",\"valueRequired\":true,\"valueName\":\"search_term_string\"}}],\"inLanguage\":\"en-GB\"},{\"@type\":\"Organization\",\"@id\":\"https:\\\/\\\/www.cm-lodge.com\\\/#organization\",\"name\":\"Conrad&#039;s Mountain Lodge\",\"url\":\"https:\\\/\\\/www.cm-lodge.com\\\/\",\"logo\":{\"@type\":\"ImageObject\",\"inLanguage\":\"en-GB\",\"@id\":\"https:\\\/\\\/www.cm-lodge.com\\\/#\\\/schema\\\/logo\\\/image\\\/\",\"url\":\"https:\\\/\\\/www.cm-lodge.com\\\/wp-content\\\/uploads\\\/2020\\\/06\\\/cml-logo-petrol.svg\",\"contentUrl\":\"https:\\\/\\\/www.cm-lodge.com\\\/wp-content\\\/uploads\\\/2020\\\/06\\\/cml-logo-petrol.svg\",\"width\":723,\"height\":239,\"caption\":\"Conrad&#039;s Mountain Lodge\"},\"image\":{\"@id\":\"https:\\\/\\\/www.cm-lodge.com\\\/#\\\/schema\\\/logo\\\/image\\\/\"}}]}<\/script>\n<!-- \/ Yoast SEO plugin. -->","yoast_head_json":{"title":"Spa - Conrad&#039;s Mountain Lodge","robots":{"index":"index","follow":"follow","max-snippet":"max-snippet:-1","max-image-preview":"max-image-preview:large","max-video-preview":"max-video-preview:-1"},"canonical":"https:\/\/www.cm-lodge.com\/en\/spa\/","og_locale":"en_GB","og_type":"article","og_title":"Spa - Conrad&#039;s Mountain Lodge","og_description":"Der perfekte R\u00fcckzugsort nach einem aktiven Tag Unser Spa Die alpine Handschrift des Hauses ist auch in den R\u00e4umlichkeiten des Spa-Bereiches sp\u00fcrbar und sorgt so f\u00fcr ein ganz besonderes Wohlgef\u00fchl. Das Dampfbad, die Lodge-Sauna, zwei Kneippbecken sowie Ruheliegen laden zum Entspannen ein.","og_url":"https:\/\/www.cm-lodge.com\/en\/spa\/","og_site_name":"Conrad&#039;s Mountain Lodge","article_modified_time":"2022-11-16T10:20:32+00:00","og_image":[{"url":"https:\/\/www.cm-lodge.com\/wp-content\/uploads\/2018\/07\/CML_Sgraffito_Spa_white.svg","type":"","width":"","height":""}],"twitter_card":"summary_large_image","twitter_misc":{"Estimated reading time":"2 minutes"},"schema":{"@context":"https:\/\/schema.org","@graph":[{"@type":"WebPage","@id":"https:\/\/www.cm-lodge.com\/spa\/","url":"https:\/\/www.cm-lodge.com\/spa\/","name":"Spa - Conrad&#039;s Mountain Lodge","isPartOf":{"@id":"https:\/\/www.cm-lodge.com\/#website"},"primaryImageOfPage":{"@id":"https:\/\/www.cm-lodge.com\/spa\/#primaryimage"},"image":{"@id":"https:\/\/www.cm-lodge.com\/spa\/#primaryimage"},"thumbnailUrl":"https:\/\/www.cm-lodge.com\/wp-content\/uploads\/2018\/07\/CML_Sgraffito_Spa_white.svg","datePublished":"2022-10-31T13:34:36+00:00","dateModified":"2022-11-16T10:20:32+00:00","breadcrumb":{"@id":"https:\/\/www.cm-lodge.com\/spa\/#breadcrumb"},"inLanguage":"en-GB","potentialAction":[{"@type":"ReadAction","target":["https:\/\/www.cm-lodge.com\/spa\/"]}]},{"@type":"ImageObject","inLanguage":"en-GB","@id":"https:\/\/www.cm-lodge.com\/spa\/#primaryimage","url":"https:\/\/www.cm-lodge.com\/wp-content\/uploads\/2018\/07\/CML_Sgraffito_Spa_white.svg","contentUrl":"https:\/\/www.cm-lodge.com\/wp-content\/uploads\/2018\/07\/CML_Sgraffito_Spa_white.svg"},{"@type":"BreadcrumbList","@id":"https:\/\/www.cm-lodge.com\/spa\/#breadcrumb","itemListElement":[{"@type":"ListItem","position":1,"name":"Startseite","item":"https:\/\/www.cm-lodge.com\/"},{"@type":"ListItem","position":2,"name":"Spa"}]},{"@type":"WebSite","@id":"https:\/\/www.cm-lodge.com\/#website","url":"https:\/\/www.cm-lodge.com\/","name":"Conrad&#039;s Mountain Lodge","description":"","publisher":{"@id":"https:\/\/www.cm-lodge.com\/#organization"},"potentialAction":[{"@type":"SearchAction","target":{"@type":"EntryPoint","urlTemplate":"https:\/\/www.cm-lodge.com\/?s={search_term_string}"},"query-input":{"@type":"PropertyValueSpecification","valueRequired":true,"valueName":"search_term_string"}}],"inLanguage":"en-GB"},{"@type":"Organization","@id":"https:\/\/www.cm-lodge.com\/#organization","name":"Conrad&#039;s Mountain Lodge","url":"https:\/\/www.cm-lodge.com\/","logo":{"@type":"ImageObject","inLanguage":"en-GB","@id":"https:\/\/www.cm-lodge.com\/#\/schema\/logo\/image\/","url":"https:\/\/www.cm-lodge.com\/wp-content\/uploads\/2020\/06\/cml-logo-petrol.svg","contentUrl":"https:\/\/www.cm-lodge.com\/wp-content\/uploads\/2020\/06\/cml-logo-petrol.svg","width":723,"height":239,"caption":"Conrad&#039;s Mountain Lodge"},"image":{"@id":"https:\/\/www.cm-lodge.com\/#\/schema\/logo\/image\/"}}]}},"_links":{"self":[{"href":"https:\/\/www.cm-lodge.com\/en\/wp-json\/wp\/v2\/pages\/5912","targetHints":{"allow":["GET"]}}],"collection":[{"href":"https:\/\/www.cm-lodge.com\/en\/wp-json\/wp\/v2\/pages"}],"about":[{"href":"https:\/\/www.cm-lodge.com\/en\/wp-json\/wp\/v2\/types\/page"}],"author":[{"embeddable":true,"href":"https:\/\/www.cm-lodge.com\/en\/wp-json\/wp\/v2\/users\/4"}],"replies":[{"embeddable":true,"href":"https:\/\/www.cm-lodge.com\/en\/wp-json\/wp\/v2\/comments?post=5912"}],"version-history":[{"count":10,"href":"https:\/\/www.cm-lodge.com\/en\/wp-json\/wp\/v2\/pages\/5912\/revisions"}],"predecessor-version":[{"id":6993,"href":"https:\/\/www.cm-lodge.com\/en\/wp-json\/wp\/v2\/pages\/5912\/revisions\/6993"}],"wp:attachment":[{"href":"https:\/\/www.cm-lodge.com\/en\/wp-json\/wp\/v2\/media?parent=5912"}],"curies":[{"name":"wp","href":"https:\/\/api.w.org\/{rel}","templated":true}]}}